{"id":109,"date":"2024-02-05T08:41:10","date_gmt":"2024-02-05T11:41:10","guid":{"rendered":"https:\/\/fundopositivo.org.br\/seguroecomlocal\/?page_id=109"},"modified":"2024-02-05T08:47:43","modified_gmt":"2024-02-05T11:47:43","slug":"contato","status":"publish","type":"page","link":"https:\/\/fundopositivo.org.br\/seguroecomlocal\/contato\/","title":{"rendered":"Contato"},"content":{"rendered":"\t\t<div data-elementor-type=\"wp-page\" data-elementor-id=\"109\" class=\"elementor elementor-109\" data-elementor-settings=\"{&quot;element_pack_global_tooltip_width&quot;:{&quot;unit&quot;:&quot;px&quot;,&quot;size&quot;:&quot;&quot;,&quot;sizes&quot;:[]},&quot;element_pack_global_tooltip_width_tablet&quot;:{&quot;unit&quot;:&quot;px&quot;,&quot;size&quot;:&quot;&quot;,&quot;sizes&quot;:[]},&quot;element_pack_global_tooltip_width_mobile&quot;:{&quot;unit&quot;:&quot;px&quot;,&quot;size&quot;:&quot;&quot;,&quot;sizes&quot;:[]},&quot;element_pack_global_tooltip_padding&quot;:{&quot;unit&quot;:&quot;px&quot;,&quot;top&quot;:&quot;&quot;,&quot;right&quot;:&quot;&quot;,&quot;bottom&quot;:&quot;&quot;,&quot;left&quot;:&quot;&quot;,&quot;isLinked&quot;:true},&quot;element_pack_global_tooltip_padding_tablet&quot;:{&quot;unit&quot;:&quot;px&quot;,&quot;top&quot;:&quot;&quot;,&quot;right&quot;:&quot;&quot;,&quot;bottom&quot;:&quot;&quot;,&quot;left&quot;:&quot;&quot;,&quot;isLinked&quot;:true},&quot;element_pack_global_tooltip_padding_mobile&quot;:{&quot;unit&quot;:&quot;px&quot;,&quot;top&quot;:&quot;&quot;,&quot;right&quot;:&quot;&quot;,&quot;bottom&quot;:&quot;&quot;,&quot;left&quot;:&quot;&quot;,&quot;isLinked&quot;:true},&quot;element_pack_global_tooltip_border_radius&quot;:{&quot;unit&quot;:&quot;px&quot;,&quot;top&quot;:&quot;&quot;,&quot;right&quot;:&quot;&quot;,&quot;bottom&quot;:&quot;&quot;,&quot;left&quot;:&quot;&quot;,&quot;isLinked&quot;:true},&quot;element_pack_global_tooltip_border_radius_tablet&quot;:{&quot;unit&quot;:&quot;px&quot;,&quot;top&quot;:&quot;&quot;,&quot;right&quot;:&quot;&quot;,&quot;bottom&quot;:&quot;&quot;,&quot;left&quot;:&quot;&quot;,&quot;isLinked&quot;:true},&quot;element_pack_global_tooltip_border_radius_mobile&quot;:{&quot;unit&quot;:&quot;px&quot;,&quot;top&quot;:&quot;&quot;,&quot;right&quot;:&quot;&quot;,&quot;bottom&quot;:&quot;&quot;,&quot;left&quot;:&quot;&quot;,&quot;isLinked&quot;:true}}\" data-elementor-post-type=\"page\">\n\t\t\t\t<div class=\"elementor-element elementor-element-94e7488 e-flex e-con-boxed e-con e-parent\" data-id=\"94e7488\" data-element_type=\"container\" data-settings=\"{&quot;background_background&quot;:&quot;classic&quot;}\">\n\t\t\t\t\t<div class=\"e-con-inner\">\n\t\t\t\t\t<\/div>\n\t\t\t\t<\/div>\n\t\t<div class=\"elementor-element elementor-element-3de747b e-con-full e-flex e-con e-parent\" data-id=\"3de747b\" data-element_type=\"container\" data-settings=\"{&quot;animation&quot;:&quot;none&quot;,&quot;animation_delay&quot;:0}\">\n\t\t<div class=\"elementor-element elementor-element-bcb3280 e-con-full e-flex e-con e-child\" data-id=\"bcb3280\" data-element_type=\"container\">\n\t\t<div class=\"elementor-element elementor-element-2a5b155 e-con-full e-flex e-con e-child\" data-id=\"2a5b155\" data-element_type=\"container\">\n\t\t\t\t<div class=\"elementor-element elementor-element-9241260 elementor-widget elementor-widget-heading\" data-id=\"9241260\" data-element_type=\"widget\" data-widget_type=\"heading.default\">\n\t\t\t\t<div class=\"elementor-widget-container\">\n\t\t\t<h1 class=\"elementor-heading-title elementor-size-default\">FALE CONOSCO<\/h1>\t\t<\/div>\n\t\t\t\t<\/div>\n\t\t\t\t<\/div>\n\t\t<div class=\"elementor-element elementor-element-9ec5fc4 e-con-full e-flex e-con e-child\" data-id=\"9ec5fc4\" data-element_type=\"container\">\n\t\t\t\t<div class=\"elementor-element elementor-element-77cce8f elementor-widget-divider--view-line elementor-widget elementor-widget-divider\" data-id=\"77cce8f\" data-element_type=\"widget\" data-widget_type=\"divider.default\">\n\t\t\t\t<div class=\"elementor-widget-container\">\n\t\t\t\t\t<div class=\"elementor-divider\">\n\t\t\t<span class=\"elementor-divider-separator\">\n\t\t\t\t\t\t<\/span>\n\t\t<\/div>\n\t\t\t\t<\/div>\n\t\t\t\t<\/div>\n\t\t\t\t<\/div>\n\t\t<div class=\"elementor-element elementor-element-cca1924 e-con-full e-flex e-con e-child\" data-id=\"cca1924\" data-element_type=\"container\">\n\t\t\t\t<div class=\"elementor-element elementor-element-53e41dd elementor-widget elementor-widget-text-editor\" data-id=\"53e41dd\" data-element_type=\"widget\" data-widget_type=\"text-editor.default\">\n\t\t\t\t<div class=\"elementor-widget-container\">\n\t\t\t\t\t\t\tEnvie um formul\u00e1rio para n\u00f3s,<br> apoie e fa\u00e7a a sua doa\u00e7\u00e3o.\t\t\t\t\t\t<\/div>\n\t\t\t\t<\/div>\n\t\t\t\t<\/div>\n\t\t<div class=\"elementor-element elementor-element-9f03400 e-con-full e-flex e-con e-child\" data-id=\"9f03400\" data-element_type=\"container\" data-settings=\"{&quot;background_background&quot;:&quot;classic&quot;}\">\n\t\t<div class=\"elementor-element elementor-element-d49dc83 e-con-full e-flex e-con e-child\" data-id=\"d49dc83\" data-element_type=\"container\">\n\t\t\t\t<\/div>\n\t\t<div class=\"elementor-element elementor-element-ac0b2fb e-con-full e-flex e-con e-child\" data-id=\"ac0b2fb\" data-element_type=\"container\">\n\t\t\t\t<div class=\"elementor-element elementor-element-604d32d elementor-widget elementor-widget-text-editor\" data-id=\"604d32d\" data-element_type=\"widget\" data-widget_type=\"text-editor.default\">\n\t\t\t\t<div class=\"elementor-widget-container\">\n\t\t\t\t\t\t\t<p><strong>R. L\u00edbero Badar\u00f3, 101<\/strong><br \/>Centro Hist\u00f3rico de S\u00e3o Paulo<br \/>S\u00e3o Paulo &#8211; SP<\/p>\t\t\t\t\t\t<\/div>\n\t\t\t\t<\/div>\n\t\t\t\t<\/div>\n\t\t\t\t<\/div>\n\t\t<div class=\"elementor-element elementor-element-49240f0 e-con-full elementor-hidden-desktop elementor-hidden-tablet elementor-hidden-mobile e-flex e-con e-child\" data-id=\"49240f0\" data-element_type=\"container\" data-settings=\"{&quot;background_background&quot;:&quot;classic&quot;}\">\n\t\t<div class=\"elementor-element elementor-element-95038f7 e-con-full e-flex e-con e-child\" data-id=\"95038f7\" data-element_type=\"container\">\n\t\t\t\t<\/div>\n\t\t<div class=\"elementor-element elementor-element-09ec8a5 e-con-full e-flex e-con e-child\" data-id=\"09ec8a5\" data-element_type=\"container\">\n\t\t\t\t<\/div>\n\t\t\t\t<\/div>\n\t\t\t\t<\/div>\n\t\t<div class=\"elementor-element elementor-element-cb4650e e-con-full e-flex e-con e-child\" data-id=\"cb4650e\" data-element_type=\"container\" data-settings=\"{&quot;background_background&quot;:&quot;classic&quot;}\">\n\t\t<div class=\"elementor-element elementor-element-a4c3d6c e-con-full e-flex e-con e-child\" data-id=\"a4c3d6c\" data-element_type=\"container\">\n\t\t\t\t<div class=\"elementor-element elementor-element-6c074c0 elementor-button-align-stretch elementor-widget elementor-widget-form\" data-id=\"6c074c0\" data-element_type=\"widget\" data-settings=\"{&quot;step_next_label&quot;:&quot;Next&quot;,&quot;step_previous_label&quot;:&quot;Previous&quot;,&quot;step_type&quot;:&quot;number_text&quot;,&quot;step_icon_shape&quot;:&quot;circle&quot;}\" data-widget_type=\"form.default\">\n\t\t\t\t<div class=\"elementor-widget-container\">\n\t\t\t\t\t<form class=\"elementor-form\" method=\"post\" name=\"Contato\">\n\t\t\t<input type=\"hidden\" name=\"post_id\" value=\"109\"\/>\n\t\t\t<input type=\"hidden\" name=\"form_id\" value=\"6c074c0\"\/>\n\t\t\t<input type=\"hidden\" name=\"referer_title\" value=\"Fundo Positivo &#8211; Seguro e com local\" \/>\n\n\t\t\t\n\t\t\t<div class=\"elementor-form-fields-wrapper elementor-labels-\">\n\t\t\t\t\t\t\t\t<div class=\"elementor-field-type-text elementor-field-group elementor-column elementor-field-group-name elementor-col-100 elementor-field-required\">\n\t\t\t\t\t\t\t\t\t\t\t\t<label for=\"form-field-name\" class=\"elementor-field-label elementor-screen-only\">\n\t\t\t\t\t\t\t\tNome\t\t\t\t\t\t\t<\/label>\n\t\t\t\t\t\t\t\t\t\t\t\t\t\t<input size=\"1\" type=\"text\" name=\"form_fields[name]\" id=\"form-field-name\" class=\"elementor-field elementor-size-sm  elementor-field-textual\" placeholder=\"Nome\" required=\"required\" aria-required=\"true\">\n\t\t\t\t\t\t\t\t\t\t\t<\/div>\n\t\t\t\t\t\t\t\t<div class=\"elementor-field-type-email elementor-field-group elementor-column elementor-field-group-email elementor-col-100 elementor-field-required\">\n\t\t\t\t\t\t\t\t\t\t\t\t<label for=\"form-field-email\" class=\"elementor-field-label elementor-screen-only\">\n\t\t\t\t\t\t\t\tEmail\t\t\t\t\t\t\t<\/label>\n\t\t\t\t\t\t\t\t\t\t\t\t\t\t<input size=\"1\" type=\"email\" name=\"form_fields[email]\" id=\"form-field-email\" class=\"elementor-field elementor-size-sm  elementor-field-textual\" placeholder=\"Email\" required=\"required\" aria-required=\"true\">\n\t\t\t\t\t\t\t\t\t\t\t<\/div>\n\t\t\t\t\t\t\t\t<div class=\"elementor-field-type-tel elementor-field-group elementor-column elementor-field-group-field_cf5b5eb elementor-col-100 elementor-field-required\">\n\t\t\t\t\t\t\t\t\t\t\t\t<label for=\"form-field-field_cf5b5eb\" class=\"elementor-field-label elementor-screen-only\">\n\t\t\t\t\t\t\t\tTel \/ Whats\t\t\t\t\t\t\t<\/label>\n\t\t\t\t\t\t\t\t<input size=\"1\" type=\"tel\" name=\"form_fields[field_cf5b5eb]\" id=\"form-field-field_cf5b5eb\" class=\"elementor-field elementor-size-sm  elementor-field-textual\" placeholder=\"Telefone \/ Whatsapp\" required=\"required\" aria-required=\"true\" pattern=\"[0-9()#&amp;+*-=.]+\" title=\"Only numbers and phone characters (#, -, *, etc) are accepted.\">\n\n\t\t\t\t\t\t<\/div>\n\t\t\t\t\t\t\t\t<div class=\"elementor-field-type-textarea elementor-field-group elementor-column elementor-field-group-message elementor-col-100\">\n\t\t\t\t\t\t\t\t\t\t\t\t<label for=\"form-field-message\" class=\"elementor-field-label elementor-screen-only\">\n\t\t\t\t\t\t\t\tMensagem\t\t\t\t\t\t\t<\/label>\n\t\t\t\t\t\t<textarea class=\"elementor-field-textual elementor-field  elementor-size-sm\" name=\"form_fields[message]\" id=\"form-field-message\" rows=\"4\" placeholder=\"Deixe aqui sua mensagem\"><\/textarea>\t\t\t\t<\/div>\n\t\t\t\t\t\t\t\t<div class=\"elementor-field-group elementor-column elementor-field-type-submit elementor-col-100 e-form__buttons\">\n\t\t\t\t\t<button class=\"elementor-button elementor-size-sm\" type=\"submit\">\n\t\t\t\t\t\t<span class=\"elementor-button-content-wrapper\">\n\t\t\t\t\t\t\t\t\t\t\t\t\t\t\t\t\t\t\t\t\t\t<span class=\"elementor-button-text\">Enviar mensagem<\/span>\n\t\t\t\t\t\t\t\t\t\t\t\t\t<\/span>\n\t\t\t\t\t<\/button>\n\t\t\t\t<\/div>\n\t\t\t<\/div>\n\t\t<\/form>\n\t\t\t\t<\/div>\n\t\t\t\t<\/div>\n\t\t\t\t<\/div>\n\t\t\t\t<\/div>\n\t\t\t\t<\/div>\n\t\t\t\t<\/div>\n\t\t","protected":false},"excerpt":{"rendered":"<p>FALE CONOSCO Envie um formul\u00e1rio para n\u00f3s, apoie e fa\u00e7a a sua doa\u00e7\u00e3o. R. L\u00edbero Badar\u00f3, 101Centro Hist\u00f3rico de S\u00e3o PauloS\u00e3o Paulo &#8211; SP<\/p>\n","protected":false},"author":1,"featured_media":0,"parent":0,"menu_order":0,"comment_status":"closed","ping_status":"closed","template":"","meta":{"footnotes":""},"class_list":["post-109","page","type-page","status-publish","hentry"],"yoast_head":"<!-- This site is optimized with the Yoast SEO Premium plugin v20.5 (Yoast SEO v26.8) - https:\/\/yoast.com\/product\/yoast-seo-premium-wordpress\/ -->\n<title>Contato - Fundo Positivo - Seguro e com local<\/title>\n<meta name=\"robots\" content=\"index, follow, max-snippet:-1, max-image-preview:large, max-video-preview:-1\" \/>\n<link rel=\"canonical\" href=\"https:\/\/fundopositivo.org.br\/seguroecomlocal\/contato\/\" \/>\n<meta property=\"og:locale\" content=\"pt_BR\" \/>\n<meta property=\"og:type\" content=\"article\" \/>\n<meta property=\"og:title\" content=\"Contato\" \/>\n<meta property=\"og:description\" content=\"FALE CONOSCO Envie um formul\u00e1rio para n\u00f3s, apoie e fa\u00e7a a sua doa\u00e7\u00e3o. R. L\u00edbero Badar\u00f3, 101Centro Hist\u00f3rico de S\u00e3o PauloS\u00e3o Paulo &#8211; SP\" \/>\n<meta property=\"og:url\" content=\"https:\/\/fundopositivo.org.br\/seguroecomlocal\/contato\/\" \/>\n<meta property=\"og:site_name\" content=\"Fundo Positivo - Seguro e com local\" \/>\n<meta property=\"article:modified_time\" content=\"2024-02-05T11:47:43+00:00\" \/>\n<meta name=\"twitter:card\" content=\"summary_large_image\" \/>\n<meta name=\"twitter:label1\" content=\"Est. tempo de leitura\" \/>\n\t<meta name=\"twitter:data1\" content=\"1 minuto\" \/>\n<script type=\"application\/ld+json\" class=\"yoast-schema-graph\">{\"@context\":\"https:\/\/schema.org\",\"@graph\":[{\"@type\":\"WebPage\",\"@id\":\"https:\/\/fundopositivo.org.br\/seguroecomlocal\/contato\/\",\"url\":\"https:\/\/fundopositivo.org.br\/seguroecomlocal\/contato\/\",\"name\":\"Contato - Fundo Positivo - Seguro e com local\",\"isPartOf\":{\"@id\":\"https:\/\/fundopositivo.org.br\/seguroecomlocal\/#website\"},\"datePublished\":\"2024-02-05T11:41:10+00:00\",\"dateModified\":\"2024-02-05T11:47:43+00:00\",\"breadcrumb\":{\"@id\":\"https:\/\/fundopositivo.org.br\/seguroecomlocal\/contato\/#breadcrumb\"},\"inLanguage\":\"pt-BR\",\"potentialAction\":[{\"@type\":\"ReadAction\",\"target\":[\"https:\/\/fundopositivo.org.br\/seguroecomlocal\/contato\/\"]}]},{\"@type\":\"BreadcrumbList\",\"@id\":\"https:\/\/fundopositivo.org.br\/seguroecomlocal\/contato\/#breadcrumb\",\"itemListElement\":[{\"@type\":\"ListItem\",\"position\":1,\"name\":\"In\u00edcio\",\"item\":\"https:\/\/fundopositivo.org.br\/seguroecomlocal\/\"},{\"@type\":\"ListItem\",\"position\":2,\"name\":\"Contato\"}]},{\"@type\":\"WebSite\",\"@id\":\"https:\/\/fundopositivo.org.br\/seguroecomlocal\/#website\",\"url\":\"https:\/\/fundopositivo.org.br\/seguroecomlocal\/\",\"name\":\"Fundo Positivo - Seguro e com local\",\"description\":\"\",\"publisher\":{\"@id\":\"https:\/\/fundopositivo.org.br\/seguroecomlocal\/#organization\"},\"potentialAction\":[{\"@type\":\"SearchAction\",\"target\":{\"@type\":\"EntryPoint\",\"urlTemplate\":\"https:\/\/fundopositivo.org.br\/seguroecomlocal\/?s={search_term_string}\"},\"query-input\":{\"@type\":\"PropertyValueSpecification\",\"valueRequired\":true,\"valueName\":\"search_term_string\"}}],\"inLanguage\":\"pt-BR\"},{\"@type\":\"Organization\",\"@id\":\"https:\/\/fundopositivo.org.br\/seguroecomlocal\/#organization\",\"name\":\"Fundo Positivo - Seguro e com local\",\"url\":\"https:\/\/fundopositivo.org.br\/seguroecomlocal\/\",\"logo\":{\"@type\":\"ImageObject\",\"inLanguage\":\"pt-BR\",\"@id\":\"https:\/\/fundopositivo.org.br\/seguroecomlocal\/#\/schema\/logo\/image\/\",\"url\":\"https:\/\/fundopositivo.org.br\/seguroecomlocal\/wp-content\/uploads\/sites\/7\/2024\/01\/fp_logo_23-768x257-1.png\",\"contentUrl\":\"https:\/\/fundopositivo.org.br\/seguroecomlocal\/wp-content\/uploads\/sites\/7\/2024\/01\/fp_logo_23-768x257-1.png\",\"width\":768,\"height\":257,\"caption\":\"Fundo Positivo - Seguro e com local\"},\"image\":{\"@id\":\"https:\/\/fundopositivo.org.br\/seguroecomlocal\/#\/schema\/logo\/image\/\"}}]}<\/script>\n<!-- \/ Yoast SEO Premium plugin. -->","yoast_head_json":{"title":"Contato - Fundo Positivo - Seguro e com local","robots":{"index":"index","follow":"follow","max-snippet":"max-snippet:-1","max-image-preview":"max-image-preview:large","max-video-preview":"max-video-preview:-1"},"canonical":"https:\/\/fundopositivo.org.br\/seguroecomlocal\/contato\/","og_locale":"pt_BR","og_type":"article","og_title":"Contato","og_description":"FALE CONOSCO Envie um formul\u00e1rio para n\u00f3s, apoie e fa\u00e7a a sua doa\u00e7\u00e3o. R. L\u00edbero Badar\u00f3, 101Centro Hist\u00f3rico de S\u00e3o PauloS\u00e3o Paulo &#8211; SP","og_url":"https:\/\/fundopositivo.org.br\/seguroecomlocal\/contato\/","og_site_name":"Fundo Positivo - Seguro e com local","article_modified_time":"2024-02-05T11:47:43+00:00","twitter_card":"summary_large_image","twitter_misc":{"Est. tempo de leitura":"1 minuto"},"schema":{"@context":"https:\/\/schema.org","@graph":[{"@type":"WebPage","@id":"https:\/\/fundopositivo.org.br\/seguroecomlocal\/contato\/","url":"https:\/\/fundopositivo.org.br\/seguroecomlocal\/contato\/","name":"Contato - Fundo Positivo - Seguro e com local","isPartOf":{"@id":"https:\/\/fundopositivo.org.br\/seguroecomlocal\/#website"},"datePublished":"2024-02-05T11:41:10+00:00","dateModified":"2024-02-05T11:47:43+00:00","breadcrumb":{"@id":"https:\/\/fundopositivo.org.br\/seguroecomlocal\/contato\/#breadcrumb"},"inLanguage":"pt-BR","potentialAction":[{"@type":"ReadAction","target":["https:\/\/fundopositivo.org.br\/seguroecomlocal\/contato\/"]}]},{"@type":"BreadcrumbList","@id":"https:\/\/fundopositivo.org.br\/seguroecomlocal\/contato\/#breadcrumb","itemListElement":[{"@type":"ListItem","position":1,"name":"In\u00edcio","item":"https:\/\/fundopositivo.org.br\/seguroecomlocal\/"},{"@type":"ListItem","position":2,"name":"Contato"}]},{"@type":"WebSite","@id":"https:\/\/fundopositivo.org.br\/seguroecomlocal\/#website","url":"https:\/\/fundopositivo.org.br\/seguroecomlocal\/","name":"Fundo Positivo - Seguro e com local","description":"","publisher":{"@id":"https:\/\/fundopositivo.org.br\/seguroecomlocal\/#organization"},"potentialAction":[{"@type":"SearchAction","target":{"@type":"EntryPoint","urlTemplate":"https:\/\/fundopositivo.org.br\/seguroecomlocal\/?s={search_term_string}"},"query-input":{"@type":"PropertyValueSpecification","valueRequired":true,"valueName":"search_term_string"}}],"inLanguage":"pt-BR"},{"@type":"Organization","@id":"https:\/\/fundopositivo.org.br\/seguroecomlocal\/#organization","name":"Fundo Positivo - Seguro e com local","url":"https:\/\/fundopositivo.org.br\/seguroecomlocal\/","logo":{"@type":"ImageObject","inLanguage":"pt-BR","@id":"https:\/\/fundopositivo.org.br\/seguroecomlocal\/#\/schema\/logo\/image\/","url":"https:\/\/fundopositivo.org.br\/seguroecomlocal\/wp-content\/uploads\/sites\/7\/2024\/01\/fp_logo_23-768x257-1.png","contentUrl":"https:\/\/fundopositivo.org.br\/seguroecomlocal\/wp-content\/uploads\/sites\/7\/2024\/01\/fp_logo_23-768x257-1.png","width":768,"height":257,"caption":"Fundo Positivo - Seguro e com local"},"image":{"@id":"https:\/\/fundopositivo.org.br\/seguroecomlocal\/#\/schema\/logo\/image\/"}}]}},"_links":{"self":[{"href":"https:\/\/fundopositivo.org.br\/seguroecomlocal\/wp-json\/wp\/v2\/pages\/109","targetHints":{"allow":["GET"]}}],"collection":[{"href":"https:\/\/fundopositivo.org.br\/seguroecomlocal\/wp-json\/wp\/v2\/pages"}],"about":[{"href":"https:\/\/fundopositivo.org.br\/seguroecomlocal\/wp-json\/wp\/v2\/types\/page"}],"author":[{"embeddable":true,"href":"https:\/\/fundopositivo.org.br\/seguroecomlocal\/wp-json\/wp\/v2\/users\/1"}],"replies":[{"embeddable":true,"href":"https:\/\/fundopositivo.org.br\/seguroecomlocal\/wp-json\/wp\/v2\/comments?post=109"}],"version-history":[{"count":0,"href":"https:\/\/fundopositivo.org.br\/seguroecomlocal\/wp-json\/wp\/v2\/pages\/109\/revisions"}],"wp:attachment":[{"href":"https:\/\/fundopositivo.org.br\/seguroecomlocal\/wp-json\/wp\/v2\/media?parent=109"}],"curies":[{"name":"wp","href":"https:\/\/api.w.org\/{rel}","templated":true}]}}