{"id":965,"date":"2020-08-02T21:09:17","date_gmt":"2020-08-03T00:09:17","guid":{"rendered":"http:\/\/fundopositivo.org.br\/saudepositiva\/?page_id=965"},"modified":"2020-08-03T11:37:11","modified_gmt":"2020-08-03T14:37:11","slug":"perguntas-frequentes","status":"publish","type":"page","link":"https:\/\/fundopositivo.org.br\/saudepositiva\/perguntas-frequentes\/","title":{"rendered":"Perguntas Frequentes"},"content":{"rendered":"\t\t<div data-elementor-type=\"wp-page\" data-elementor-id=\"965\" class=\"elementor elementor-965\" data-elementor-settings=\"[]\">\n\t\t\t<div class=\"elementor-inner\">\n\t\t\t\t<div class=\"elementor-section-wrap\">\n\t\t\t\t\t\t\t<section class=\"elementor-element elementor-element-ada0b02 elementor-section-boxed elementor-section-height-default elementor-section-height-default elementor-section elementor-top-section\" data-id=\"ada0b02\" data-element_type=\"section\">\n\t\t\t\t\t\t<div class=\"elementor-container elementor-column-gap-default\">\n\t\t\t\t<div class=\"elementor-row\">\n\t\t\t\t<div class=\"elementor-element elementor-element-0a05ee5 elementor-column elementor-col-100 elementor-top-column\" data-id=\"0a05ee5\" data-element_type=\"column\">\n\t\t\t<div class=\"elementor-column-wrap  elementor-element-populated\">\n\t\t\t\t\t<div class=\"elementor-widget-wrap\">\n\t\t\t\t<div class=\"elementor-element elementor-element-4299567 elementor-widget elementor-widget-heading\" data-id=\"4299567\" data-element_type=\"widget\" data-widget_type=\"heading.default\">\n\t\t\t\t<div class=\"elementor-widget-container\">\n\t\t\t<h3 class=\"elementor-heading-title elementor-size-default\">PERGUNTAS FREQUENTES<\/h3>\t\t<\/div>\n\t\t\t\t<\/div>\n\t\t\t\t<div class=\"elementor-element elementor-element-80a9860 elementor-widget elementor-widget-divider\" data-id=\"80a9860\" data-element_type=\"widget\" data-widget_type=\"divider.default\">\n\t\t\t\t<div class=\"elementor-widget-container\">\n\t\t\t\t\t<div class=\"elementor-divider\">\n\t\t\t<span class=\"elementor-divider-separator\">\n\t\t\t\t\t\t<\/span>\n\t\t<\/div>\n\t\t\t\t<\/div>\n\t\t\t\t<\/div>\n\t\t\t\t\t\t<\/div>\n\t\t\t<\/div>\n\t\t<\/div>\n\t\t\t\t\t\t<\/div>\n\t\t\t<\/div>\n\t\t<\/section>\n\t\t\t\t<section class=\"elementor-element elementor-element-a128d30 elementor-section-boxed elementor-section-height-default elementor-section-height-default elementor-section elementor-top-section\" data-id=\"a128d30\" data-element_type=\"section\">\n\t\t\t\t\t\t<div class=\"elementor-container elementor-column-gap-default\">\n\t\t\t\t<div class=\"elementor-row\">\n\t\t\t\t<div class=\"elementor-element elementor-element-6adc9cf elementor-column elementor-col-50 elementor-top-column\" data-id=\"6adc9cf\" data-element_type=\"column\">\n\t\t\t<div class=\"elementor-column-wrap  elementor-element-populated\">\n\t\t\t\t\t<div class=\"elementor-widget-wrap\">\n\t\t\t\t<div class=\"elementor-element elementor-element-5990d03 elementor-widget elementor-widget-text-editor\" data-id=\"5990d03\" data-element_type=\"widget\" data-widget_type=\"text-editor.default\">\n\t\t\t\t<div class=\"elementor-widget-container\">\n\t\t\t\t\t<div class=\"elementor-text-editor elementor-clearfix\"><h4>Ficou com alguma d\u00favida sobre Infec\u00e7\u00f5es\u00a0 Sexualmente Transmiss\u00edveis? Veja as perguntas abaixo ou nos envie suas d\u00favidas. Deseja se cadastrar em nossa rede, <a href=\"http:\/\/fundopositivo.org.br\/saudepositiva\/contact\/\" target=\"_blank\" rel=\"noopener\">clique aqui?<\/a><\/h4><p>\u00a0<\/p><\/div>\n\t\t\t\t<\/div>\n\t\t\t\t<\/div>\n\t\t\t\t<div class=\"elementor-element elementor-element-70579bc elementor-widget elementor-widget-image\" data-id=\"70579bc\" data-element_type=\"widget\" data-widget_type=\"image.default\">\n\t\t\t\t<div class=\"elementor-widget-container\">\n\t\t\t\t\t<div class=\"elementor-image\">\n\t\t\t\t\t\t\t\t\t\t<img width=\"626\" height=\"455\" src=\"https:\/\/fundopositivo.org.br\/saudepositiva\/wp-content\/uploads\/2020\/08\/group-people-holding-question-mark-icons_53876-64627.jpg\" class=\"attachment-large size-large\" alt=\"\" loading=\"lazy\" srcset=\"https:\/\/fundopositivo.org.br\/saudepositiva\/wp-content\/uploads\/2020\/08\/group-people-holding-question-mark-icons_53876-64627.jpg 626w, https:\/\/fundopositivo.org.br\/saudepositiva\/wp-content\/uploads\/2020\/08\/group-people-holding-question-mark-icons_53876-64627-300x218.jpg 300w\" sizes=\"(max-width: 626px) 100vw, 626px\" \/>\t\t\t\t\t\t\t\t\t\t\t<\/div>\n\t\t\t\t<\/div>\n\t\t\t\t<\/div>\n\t\t\t\t\t\t<\/div>\n\t\t\t<\/div>\n\t\t<\/div>\n\t\t\t\t<div class=\"elementor-element elementor-element-4bae6ac elementor-column elementor-col-50 elementor-top-column\" data-id=\"4bae6ac\" data-element_type=\"column\" data-settings=\"{&quot;background_background&quot;:&quot;classic&quot;}\">\n\t\t\t<div class=\"elementor-column-wrap  elementor-element-populated\">\n\t\t\t\t\t<div class=\"elementor-widget-wrap\">\n\t\t\t\t<div class=\"elementor-element elementor-element-2edbd73 eael-contact-form-7-button-custom elementor-widget elementor-widget-eael-contact-form-7\" data-id=\"2edbd73\" data-element_type=\"widget\" data-widget_type=\"eael-contact-form-7.default\">\n\t\t\t\t<div class=\"elementor-widget-container\">\n\t\t\t<div class=\"eael-contact-form-7-wrapper\">\n                <div class=\"eael-contact-form eael-contact-form-7 eael-contact-form-2edbd73 placeholder-show eael-contact-form-align-default\"><div role=\"form\" class=\"wpcf7\" id=\"wpcf7-f970-o1\" lang=\"pt-BR\" dir=\"ltr\">\n<div class=\"screen-reader-response\" role=\"alert\" aria-live=\"polite\"><\/div>\n<form action=\"\/saudepositiva\/wp-json\/wp\/v2\/pages\/965#wpcf7-f970-o1\" method=\"post\" class=\"wpcf7-form init\" novalidate=\"novalidate\">\n<div style=\"display: none;\">\n<input type=\"hidden\" name=\"_wpcf7\" value=\"970\" \/>\n<input type=\"hidden\" name=\"_wpcf7_version\" value=\"5.2.1\" \/>\n<input type=\"hidden\" name=\"_wpcf7_locale\" value=\"pt_BR\" \/>\n<input type=\"hidden\" name=\"_wpcf7_unit_tag\" value=\"wpcf7-f970-o1\" \/>\n<input type=\"hidden\" name=\"_wpcf7_container_post\" value=\"0\" \/>\n<input type=\"hidden\" name=\"_wpcf7_posted_data_hash\" value=\"\" \/>\n<\/div>\n<p><label> Seu nome (obrigat\u00f3rio) <span class=\"wpcf7-form-control-wrap your-name\"><input type=\"text\" name=\"your-name\" value=\"\" size=\"40\" class=\"wpcf7-form-control wpcf7-text wpcf7-validates-as-required\" aria-required=\"true\" aria-invalid=\"false\" \/><\/span> <\/label><br \/>\n<label> Seu e-mail (obrigat\u00f3rio) <span class=\"wpcf7-form-control-wrap your-email\"><input type=\"email\" name=\"your-email\" value=\"\" size=\"40\" class=\"wpcf7-form-control wpcf7-text wpcf7-email wpcf7-validates-as-required wpcf7-validates-as-email\" aria-required=\"true\" aria-invalid=\"false\" \/><\/span> <\/label><br \/>\n<label> D\u00favida <span class=\"wpcf7-form-control-wrap your-message\"><textarea name=\"your-message\" cols=\"40\" rows=\"10\" class=\"wpcf7-form-control wpcf7-textarea\" aria-invalid=\"false\"><\/textarea><\/span> <\/label><br \/>\n<input type=\"submit\" value=\"Enviar\" class=\"wpcf7-form-control wpcf7-submit\" \/><\/p>\n<div class=\"wpcf7-response-output\" role=\"alert\" aria-hidden=\"true\"><\/div><\/form><\/div><\/div>\n            <\/div>\t\t<\/div>\n\t\t\t\t<\/div>\n\t\t\t\t\t\t<\/div>\n\t\t\t<\/div>\n\t\t<\/div>\n\t\t\t\t\t\t<\/div>\n\t\t\t<\/div>\n\t\t<\/section>\n\t\t\t\t<section class=\"elementor-element elementor-element-68473e3 elementor-section-boxed elementor-section-height-default elementor-section-height-default elementor-section elementor-top-section\" data-id=\"68473e3\" data-element_type=\"section\">\n\t\t\t\t\t\t<div class=\"elementor-container elementor-column-gap-default\">\n\t\t\t\t<div class=\"elementor-row\">\n\t\t\t\t<div class=\"elementor-element elementor-element-be70778 elementor-column elementor-col-100 elementor-top-column\" data-id=\"be70778\" data-element_type=\"column\">\n\t\t\t<div class=\"elementor-column-wrap  elementor-element-populated\">\n\t\t\t\t\t<div class=\"elementor-widget-wrap\">\n\t\t\t\t<div class=\"elementor-element elementor-element-bc41586 elementor-widget elementor-widget-heading\" data-id=\"bc41586\" data-element_type=\"widget\" data-widget_type=\"heading.default\">\n\t\t\t\t<div class=\"elementor-widget-container\">\n\t\t\t<h3 class=\"elementor-heading-title elementor-size-default\">PERGUNTAS FREQUENTES<\/h3>\t\t<\/div>\n\t\t\t\t<\/div>\n\t\t\t\t\t\t<\/div>\n\t\t\t<\/div>\n\t\t<\/div>\n\t\t\t\t\t\t<\/div>\n\t\t\t<\/div>\n\t\t<\/section>\n\t\t\t\t<section class=\"elementor-element elementor-element-0ebbf33 elementor-section-boxed elementor-section-height-default elementor-section-height-default elementor-section elementor-top-section\" data-id=\"0ebbf33\" data-element_type=\"section\">\n\t\t\t\t\t\t<div class=\"elementor-container elementor-column-gap-default\">\n\t\t\t\t<div class=\"elementor-row\">\n\t\t\t\t<div class=\"elementor-element elementor-element-1117a87 elementor-column elementor-col-100 elementor-top-column\" data-id=\"1117a87\" data-element_type=\"column\">\n\t\t\t<div class=\"elementor-column-wrap  elementor-element-populated\">\n\t\t\t\t\t<div class=\"elementor-widget-wrap\">\n\t\t\t\t<div class=\"elementor-element elementor-element-a12c8ef elementor-widget elementor-widget-toggle\" data-id=\"a12c8ef\" data-element_type=\"widget\" data-widget_type=\"toggle.default\">\n\t\t\t\t<div class=\"elementor-widget-container\">\n\t\t\t\t\t<div class=\"elementor-toggle\" role=\"tablist\">\n\t\t\t\t\t\t\t<div class=\"elementor-toggle-item\">\n\t\t\t\t\t<div id=\"elementor-tab-title-1691\" class=\"elementor-tab-title\" data-tab=\"1\" role=\"tab\" aria-controls=\"elementor-tab-content-1691\">\n\t\t\t\t\t\t\t\t\t\t\t\t<span class=\"elementor-toggle-icon elementor-toggle-icon-left\" aria-hidden=\"true\">\n\t\t\t\t\t\t\t\t\t\t\t\t\t\t\t<span class=\"elementor-toggle-icon-closed\"><i class=\"fas fa-caret-right\"><\/i><\/span>\n\t\t\t\t\t\t\t\t<span class=\"elementor-toggle-icon-opened\"><i class=\"elementor-toggle-icon-opened fas fa-caret-up\"><\/i><\/span>\n\t\t\t\t\t\t\t\t\t\t\t\t\t<\/span>\n\t\t\t\t\t\t\t\t\t\t\t\t<a href=\"\" class=\"elementor-toggle-title\">O QUE \u00c9 PREP?<\/a>\n\t\t\t\t\t<\/div>\n\t\t\t\t\t<div id=\"elementor-tab-content-1691\" class=\"elementor-tab-content elementor-clearfix\" data-tab=\"1\" role=\"tabpanel\" aria-labelledby=\"elementor-tab-title-1691\"><p>A PrEP (Profilaxia Pr\u00e9-Exposi\u00e7\u00e3o ao HIV) consiste no uso preventivo de medicamentos antes da exposi\u00e7\u00e3o ao HIV, reduzindo a probabilidade de infec\u00e7\u00e3o. A PrEP deve ser utilizada por quem acha que pode ter alto risco para adquirir o HIV. A PrEP \u00e9 uma profilaxia para grupos espec\u00edficos mais vulner\u00e1veis \u00c0 epidemia.<\/p><\/div>\n\t\t\t\t<\/div>\n\t\t\t\t\t\t\t<div class=\"elementor-toggle-item\">\n\t\t\t\t\t<div id=\"elementor-tab-title-1692\" class=\"elementor-tab-title\" data-tab=\"2\" role=\"tab\" aria-controls=\"elementor-tab-content-1692\">\n\t\t\t\t\t\t\t\t\t\t\t\t<span class=\"elementor-toggle-icon elementor-toggle-icon-left\" aria-hidden=\"true\">\n\t\t\t\t\t\t\t\t\t\t\t\t\t\t\t<span class=\"elementor-toggle-icon-closed\"><i class=\"fas fa-caret-right\"><\/i><\/span>\n\t\t\t\t\t\t\t\t<span class=\"elementor-toggle-icon-opened\"><i class=\"elementor-toggle-icon-opened fas fa-caret-up\"><\/i><\/span>\n\t\t\t\t\t\t\t\t\t\t\t\t\t<\/span>\n\t\t\t\t\t\t\t\t\t\t\t\t<a href=\"\" class=\"elementor-toggle-title\">O QUE \u00c9 PEP?<\/a>\n\t\t\t\t\t<\/div>\n\t\t\t\t\t<div id=\"elementor-tab-content-1692\" class=\"elementor-tab-content elementor-clearfix\" data-tab=\"2\" role=\"tabpanel\" aria-labelledby=\"elementor-tab-title-1692\"><p>A PEP (Profilaxia P\u00f3s-Exposi\u00e7\u00e3o ao HIV) \u00e9 o uso de medicamentos antirretrovirais ap\u00f3s um poss\u00edvel contato com o v\u00edrus. Est\u00e1 dispon\u00edvel para qualquer pessoa que tenha passado por alguma exposi\u00e7\u00e3o de risco ao HIV, como acidentes de trabalho (profissionais de sa\u00fade) com agulha, bisturi ou qualquer outro objeto perfuro-cortante, nas rela\u00e7\u00f5es sexuais sem camisinha, nas situa\u00e7\u00f5es de viol\u00eancia sexual, entre outror. Para ter efeito, a PEP deve ser iniciada, no m\u00e1ximo, at\u00e9 72 horas ap\u00f3s a exposi\u00e7\u00e3o, e deve ser tomada por 28 dias.\u00a0<\/p><\/div>\n\t\t\t\t<\/div>\n\t\t\t\t\t\t\t<div class=\"elementor-toggle-item\">\n\t\t\t\t\t<div id=\"elementor-tab-title-1693\" class=\"elementor-tab-title\" data-tab=\"3\" role=\"tab\" aria-controls=\"elementor-tab-content-1693\">\n\t\t\t\t\t\t\t\t\t\t\t\t<span class=\"elementor-toggle-icon elementor-toggle-icon-left\" aria-hidden=\"true\">\n\t\t\t\t\t\t\t\t\t\t\t\t\t\t\t<span class=\"elementor-toggle-icon-closed\"><i class=\"fas fa-caret-right\"><\/i><\/span>\n\t\t\t\t\t\t\t\t<span class=\"elementor-toggle-icon-opened\"><i class=\"elementor-toggle-icon-opened fas fa-caret-up\"><\/i><\/span>\n\t\t\t\t\t\t\t\t\t\t\t\t\t<\/span>\n\t\t\t\t\t\t\t\t\t\t\t\t<a href=\"\" class=\"elementor-toggle-title\">POSS\u00cdVEL CURA DA AIDS? <\/a>\n\t\t\t\t\t<\/div>\n\t\t\t\t\t<div id=\"elementor-tab-content-1693\" class=\"elementor-tab-content elementor-clearfix\" data-tab=\"3\" role=\"tabpanel\" aria-labelledby=\"elementor-tab-title-1693\"><p>A remiss\u00e3o da Aids pode estar mais pr\u00f3xima. Ricardo Sobhie Diaz, diretor do Laborat\u00f3rio de Retrovirologia do Departamento de Medicina da Escola Paulista de Medicina (EPM\/ Unifesp), apresentou uma pesquisa com resultados muito promissores na 23\u00aa Confer\u00eancia Internacional de Aids, que aconteceu dos dias 6 a 10 de julho.<\/p><p>Segundo o pesquisador e sua equipe, foi poss\u00edvel eliminar o HIV do organismo de um paciente com um supertratamento. O homem, um brasileiro de 34 anos diagnosticado com o v\u00edrus em 2012, est\u00e1 sem carga viral h\u00e1 mais de dois anos. Ele foi tratado com uma base de terapia antirretroviral refor\u00e7ada com outras subst\u00e2ncias. O tratamento intensivo foi interrompido e ap\u00f3s 57 semanas sem receber o coquetel e fazendo exames regulares, o DNA de HIV nas c\u00e9lulas do paciente continuou negativo assim como seu exame de anticorpos de HIV.<\/p><p>A pesquisa contou com a participa\u00e7\u00e3o de 30 volunt\u00e1rios que possuem carga viral indetect\u00e1vel, e est\u00e3o sob tratamento padr\u00e3o, ou seja, est\u00e3o usando uma combina\u00e7\u00e3o de tr\u00eas tipos de antirretrovirais, mais conhecida como \u201ccoquetel\u201d. Os volunt\u00e1rios foram divididos em seis subgrupos, recebendo, cada um deles, diferentes combina\u00e7\u00f5es de rem\u00e9dios, al\u00e9m do pr\u00f3prio \u201ccoquetel\u201d.\u00a0<\/p><p>Para os integrantes do subgrupo que apresentou os melhores resultados at\u00e9 o momento, foram administrados mais dois antirretrovirais: o dolutegravir e o maraviroc. Al\u00e9m disso, os volunt\u00e1rios receberam duas subst\u00e2ncias que potencializam o efeito dos medicamentos: a nicotinamida \u2013 uma das duas formas da vitamina B3 \u2013, que mostrou ser capaz de impedir que o HIV se escondesse nas c\u00e9lulas; e a auranofina \u2013 que revelou um potencial para encontrar a c\u00e9lula infectada e lev\u00e1-la ao suic\u00eddio.<\/p><p>Para refor\u00e7ar a imunidade dos pacientes contra o v\u00edrus, os pesquisadores desenvolveram uma vacina que conseguiu ensinar o organismo dos volunt\u00e1rios a encontrar c\u00e9lulas infectadas e destru\u00ed-las, eliminando o HIV.<\/p><p>Os seis pacientes que fizeram parte do subgrupo que recebeu o supertratamento ainda aguardam o resultado da terceira dose da vacina. Apenas ap\u00f3s an\u00e1lise do sangue e realiza\u00e7\u00e3o de bi\u00f3psias dos pacientes, os medicamentos ser\u00e3o suspensos e haver\u00e1 um acompanhamento sobre como o organismo ir\u00e1 reagir. Segundo o pesquisador Ricardo Sobhie Diaz, apenas ap\u00f3s isso ser\u00e1 poss\u00edvel falar em cura.<\/p><\/div>\n\t\t\t\t<\/div>\n\t\t\t\t\t\t\t<div class=\"elementor-toggle-item\">\n\t\t\t\t\t<div id=\"elementor-tab-title-1694\" class=\"elementor-tab-title\" data-tab=\"4\" role=\"tab\" aria-controls=\"elementor-tab-content-1694\">\n\t\t\t\t\t\t\t\t\t\t\t\t<span class=\"elementor-toggle-icon elementor-toggle-icon-left\" aria-hidden=\"true\">\n\t\t\t\t\t\t\t\t\t\t\t\t\t\t\t<span class=\"elementor-toggle-icon-closed\"><i class=\"fas fa-caret-right\"><\/i><\/span>\n\t\t\t\t\t\t\t\t<span class=\"elementor-toggle-icon-opened\"><i class=\"elementor-toggle-icon-opened fas fa-caret-up\"><\/i><\/span>\n\t\t\t\t\t\t\t\t\t\t\t\t\t<\/span>\n\t\t\t\t\t\t\t\t\t\t\t\t<a href=\"\" class=\"elementor-toggle-title\">PROFILAXIA PR\u00c9-EXPOSI\u00c7\u00c3O (PREP) INJET\u00c1VEL MOSTRA SER MAIS EFICAZ QUE A PREP ORAL?<\/a>\n\t\t\t\t\t<\/div>\n\t\t\t\t\t<div id=\"elementor-tab-content-1694\" class=\"elementor-tab-content elementor-clearfix\" data-tab=\"4\" role=\"tabpanel\" aria-labelledby=\"elementor-tab-title-1694\"><p>Pesquisadores da Rede de Ensaios de Preven\u00e7\u00e3o ao HIV (HIV Prevention Trials Network- HPTN) anunciaram na 23\u00aa Confer\u00eancia Internacional de Aids que a PrEP injetada a cada 8 semanas tem efic\u00e1cia superior na preven\u00e7\u00e3o ao HIV do que a PrEP oral.<\/p><p>O estudo foi o primeiro ensaio cl\u00ednico em larga escala contendo medicamento injet\u00e1vel de a\u00e7\u00e3o prolongada como forma de preven\u00e7\u00e3o ao HIV. A primeira das tr\u00eas an\u00e1lises intermedi\u00e1rias previstas no protocolo do estudo mostrou que a taxa de infec\u00e7\u00e3o dos usu\u00e1rios do Cabotegravir injet\u00e1vel de longa dura\u00e7\u00e3o foi 66% inferior \u00e0 das pessoas que usaram doses di\u00e1rias de Truvada. Ao todo, 52 pessoas foram infectadas com HIV durante a pesquisa &#8211; 39 delas usaram a PrEP de Truvada, e 13 a de Cabotegravir.<\/p><p>O estudo (HPTN 083) envolveu 4.570 volunt\u00e1rios HIV negativo de centros de pesquisa da \u00c1frica do Sul, Argentina, Brasil, EUA, Peru, Tail\u00e2ndia e Vietn\u00e3. Participaram da pesquisa homens cis e mulheres trans que fazem sexo com homens. Dois ter\u00e7os dos participantes do estudo tinham menos de 30 anos de idade e 12% deles eram mulheres trans.<\/p><p>Os participantes foram aleatoriamente designados para receber PrEP contendo Cabotegravir injet\u00e1vel de a\u00e7\u00e3o prolongada (CAB-LA) a cada oito semanas ou Truvada diariamente. O desenho do ensaio cl\u00ednico previa que cada volunt\u00e1rio receberia Cabotegravir ou Truvada por tr\u00eas anos na fase cega do estudo (quando nem os participantes nem os pesquisadores sabem que medicamento os pacientes est\u00e3o recebendo).<\/p><p>&#8220;Os resultados do HPTN 083, demonstrando a superioridade do Cabotegravir ao Truvada, t\u00eam o potencial de transformar o cen\u00e1rio da preven\u00e7\u00e3o ao HIV entre HSH cisg\u00eaneros e mulheres trans&#8221;, disse o Dr. Raphael J. Landovitz, presidente do protocolo do HPTN 083. \u201cSabemos que algumas pessoas t\u00eam dificuldade ou preferem n\u00e3o tomar p\u00edlulas, e um produto injet\u00e1vel como o Cabotegravir de a\u00e7\u00e3o prolongada pode ser uma op\u00e7\u00e3o muito importante para elas.\u201d<\/p><\/div>\n\t\t\t\t<\/div>\n\t\t\t\t\t<\/div>\n\t\t\t\t<\/div>\n\t\t\t\t<\/div>\n\t\t\t\t\t\t<\/div>\n\t\t\t<\/div>\n\t\t<\/div>\n\t\t\t\t\t\t<\/div>\n\t\t\t<\/div>\n\t\t<\/section>\n\t\t\t\t\t\t<\/div>\n\t\t\t<\/div>\n\t\t<\/div>\n\t\t","protected":false},"excerpt":{"rendered":"<p>PERGUNTAS FREQUENTES Ficou com alguma d\u00favida sobre Infec\u00e7\u00f5es\u00a0 Sexualmente Transmiss\u00edveis? Veja as perguntas abaixo ou nos envie suas d\u00favidas. Deseja se cadastrar em nossa rede, clique aqui? \u00a0 Seu nome (obrigat\u00f3rio) Seu e-mail (obrigat\u00f3rio) D\u00favida PERGUNTAS FREQUENTES O QUE \u00c9 PREP? A PrEP (Profilaxia Pr\u00e9-Exposi\u00e7\u00e3o ao HIV) consiste no uso preventivo de medicamentos antes da exposi\u00e7\u00e3o ao HIV, reduzindo a probabilidade de infec\u00e7\u00e3o. A PrEP deve ser utilizada por quem acha que pode ter alto risco para adquirir o HIV. A PrEP \u00e9 uma profilaxia para grupos espec\u00edficos mais vulner\u00e1veis \u00c0 epidemia. O QUE \u00c9 PEP? A PEP (Profilaxia P\u00f3s-Exposi\u00e7\u00e3o ao HIV) \u00e9 o uso de medicamentos antirretrovirais ap\u00f3s um poss\u00edvel contato com o v\u00edrus. Est\u00e1 dispon\u00edvel para qualquer pessoa que tenha passado por alguma exposi\u00e7\u00e3o de risco ao HIV, como acidentes de trabalho (profissionais de sa\u00fade) com agulha, bisturi ou qualquer outro objeto perfuro-cortante, nas rela\u00e7\u00f5es sexuais sem camisinha, nas situa\u00e7\u00f5es de viol\u00eancia sexual, entre outror. Para ter efeito, a PEP deve ser iniciada, no m\u00e1ximo, at\u00e9 72 horas ap\u00f3s a exposi\u00e7\u00e3o, e deve ser tomada por 28 dias.\u00a0 POSS\u00cdVEL CURA DA AIDS? A remiss\u00e3o da Aids pode estar mais pr\u00f3xima. Ricardo Sobhie Diaz, diretor do Laborat\u00f3rio de Retrovirologia do Departamento de Medicina da Escola Paulista de Medicina (EPM\/ Unifesp), apresentou uma pesquisa com resultados muito promissores na 23\u00aa Confer\u00eancia Internacional de Aids, que aconteceu dos dias 6 a 10 de julho. Segundo o pesquisador e sua equipe, foi poss\u00edvel eliminar o HIV do organismo de um paciente com um supertratamento. O homem, um brasileiro de 34 anos diagnosticado com o v\u00edrus em 2012, est\u00e1 sem carga viral h\u00e1 mais de dois anos. Ele foi tratado com uma base de terapia antirretroviral refor\u00e7ada com outras subst\u00e2ncias. O tratamento intensivo foi interrompido e ap\u00f3s 57 semanas sem receber o coquetel e fazendo exames regulares, o DNA de HIV nas c\u00e9lulas do paciente continuou negativo assim como seu exame de anticorpos de HIV. A pesquisa contou com a participa\u00e7\u00e3o de 30 volunt\u00e1rios que possuem carga viral indetect\u00e1vel, e est\u00e3o sob tratamento padr\u00e3o, ou seja, est\u00e3o usando uma combina\u00e7\u00e3o de tr\u00eas tipos de antirretrovirais, mais conhecida como \u201ccoquetel\u201d. Os volunt\u00e1rios foram divididos em seis subgrupos, recebendo, cada um deles, diferentes combina\u00e7\u00f5es de rem\u00e9dios, al\u00e9m do pr\u00f3prio \u201ccoquetel\u201d.\u00a0 Para os integrantes do subgrupo que apresentou os melhores resultados at\u00e9 o momento, foram administrados mais dois antirretrovirais: o dolutegravir e o maraviroc. Al\u00e9m disso, os volunt\u00e1rios receberam duas subst\u00e2ncias que potencializam o efeito dos medicamentos: a nicotinamida \u2013 uma das duas formas da vitamina B3 \u2013, que mostrou ser capaz de impedir que o HIV se escondesse nas c\u00e9lulas; e a auranofina \u2013 que revelou um potencial para encontrar a c\u00e9lula infectada e lev\u00e1-la ao suic\u00eddio. Para refor\u00e7ar a imunidade dos pacientes contra o v\u00edrus, os pesquisadores desenvolveram uma vacina que conseguiu ensinar o organismo dos volunt\u00e1rios a encontrar c\u00e9lulas infectadas e destru\u00ed-las, eliminando o HIV. Os seis pacientes que fizeram parte do subgrupo que recebeu o supertratamento ainda aguardam o resultado da terceira dose da vacina. Apenas ap\u00f3s an\u00e1lise do sangue e realiza\u00e7\u00e3o de bi\u00f3psias dos pacientes, os medicamentos ser\u00e3o suspensos e haver\u00e1 um acompanhamento sobre como o organismo ir\u00e1 reagir. Segundo o pesquisador Ricardo Sobhie Diaz, apenas ap\u00f3s isso ser\u00e1 poss\u00edvel falar em cura. PROFILAXIA PR\u00c9-EXPOSI\u00c7\u00c3O (PREP) INJET\u00c1VEL MOSTRA SER MAIS EFICAZ QUE A PREP ORAL? Pesquisadores da Rede de Ensaios de Preven\u00e7\u00e3o ao HIV (HIV Prevention Trials Network- HPTN) anunciaram na 23\u00aa Confer\u00eancia Internacional de Aids que a PrEP injetada a cada 8 semanas tem efic\u00e1cia superior na preven\u00e7\u00e3o ao HIV do que a PrEP oral. O estudo foi o primeiro ensaio cl\u00ednico em larga escala contendo medicamento injet\u00e1vel de a\u00e7\u00e3o prolongada como forma de preven\u00e7\u00e3o ao HIV. A primeira das tr\u00eas an\u00e1lises intermedi\u00e1rias previstas no protocolo do estudo mostrou que a taxa de infec\u00e7\u00e3o dos usu\u00e1rios do Cabotegravir injet\u00e1vel de longa dura\u00e7\u00e3o foi 66% inferior \u00e0 das pessoas que usaram doses di\u00e1rias de Truvada. Ao todo, 52 pessoas foram infectadas com HIV durante a pesquisa &#8211; 39 delas usaram a PrEP de Truvada, e 13 a de Cabotegravir. O estudo (HPTN 083) envolveu 4.570 volunt\u00e1rios HIV negativo de centros de pesquisa da \u00c1frica do Sul, Argentina, Brasil, EUA, Peru, Tail\u00e2ndia e Vietn\u00e3. Participaram da pesquisa homens cis e mulheres trans que fazem sexo com homens. Dois ter\u00e7os dos participantes do estudo tinham menos de 30 anos de idade e 12% deles eram mulheres trans. Os participantes foram aleatoriamente designados para receber PrEP contendo Cabotegravir injet\u00e1vel de a\u00e7\u00e3o prolongada (CAB-LA) a cada oito semanas ou Truvada diariamente. O desenho do ensaio cl\u00ednico previa que cada volunt\u00e1rio receberia Cabotegravir ou Truvada por tr\u00eas anos na fase cega do estudo (quando nem os participantes nem os pesquisadores sabem que medicamento os pacientes est\u00e3o recebendo). &#8220;Os resultados do HPTN 083, demonstrando a superioridade do Cabotegravir ao Truvada, t\u00eam o potencial de transformar o cen\u00e1rio da preven\u00e7\u00e3o ao HIV entre HSH cisg\u00eaneros e mulheres trans&#8221;, disse o Dr. Raphael J. Landovitz, presidente do protocolo do HPTN 083. \u201cSabemos que algumas pessoas t\u00eam dificuldade ou preferem n\u00e3o tomar p\u00edlulas, e um produto injet\u00e1vel como o Cabotegravir de a\u00e7\u00e3o prolongada pode ser uma op\u00e7\u00e3o muito importante para elas.\u201d<\/p>\n","protected":false},"author":1,"featured_media":0,"parent":0,"menu_order":0,"comment_status":"closed","ping_status":"closed","template":"elementor_header_footer","meta":{"spay_email":""},"_links":{"self":[{"href":"https:\/\/fundopositivo.org.br\/saudepositiva\/wp-json\/wp\/v2\/pages\/965"}],"collection":[{"href":"https:\/\/fundopositivo.org.br\/saudepositiva\/wp-json\/wp\/v2\/pages"}],"about":[{"href":"https:\/\/fundopositivo.org.br\/saudepositiva\/wp-json\/wp\/v2\/types\/page"}],"author":[{"embeddable":true,"href":"https:\/\/fundopositivo.org.br\/saudepositiva\/wp-json\/wp\/v2\/users\/1"}],"replies":[{"embeddable":true,"href":"https:\/\/fundopositivo.org.br\/saudepositiva\/wp-json\/wp\/v2\/comments?post=965"}],"version-history":[{"count":18,"href":"https:\/\/fundopositivo.org.br\/saudepositiva\/wp-json\/wp\/v2\/pages\/965\/revisions"}],"predecessor-version":[{"id":1003,"href":"https:\/\/fundopositivo.org.br\/saudepositiva\/wp-json\/wp\/v2\/pages\/965\/revisions\/1003"}],"wp:attachment":[{"href":"https:\/\/fundopositivo.org.br\/saudepositiva\/wp-json\/wp\/v2\/media?parent=965"}],"curies":[{"name":"wp","href":"https:\/\/api.w.org\/{rel}","templated":true}]}}