{"id":913,"date":"2020-08-02T19:02:10","date_gmt":"2020-08-02T22:02:10","guid":{"rendered":"http:\/\/fundopositivo.org.br\/saudepositiva\/?page_id=913"},"modified":"2020-08-02T21:55:52","modified_gmt":"2020-08-03T00:55:52","slug":"comite","status":"publish","type":"page","link":"https:\/\/fundopositivo.org.br\/saudepositiva\/comite\/","title":{"rendered":"Comit\u00ea"},"content":{"rendered":"\t\t<div data-elementor-type=\"wp-page\" data-elementor-id=\"913\" class=\"elementor elementor-913\" data-elementor-settings=\"[]\">\n\t\t\t<div class=\"elementor-inner\">\n\t\t\t\t<div class=\"elementor-section-wrap\">\n\t\t\t\t\t\t\t<section class=\"elementor-element elementor-element-c7f0939 elementor-section-boxed elementor-section-height-default elementor-section-height-default elementor-section elementor-top-section\" data-id=\"c7f0939\" data-element_type=\"section\">\n\t\t\t\t\t\t<div class=\"elementor-container elementor-column-gap-default\">\n\t\t\t\t<div class=\"elementor-row\">\n\t\t\t\t<div class=\"elementor-element elementor-element-d637e3c elementor-column elementor-col-100 elementor-top-column\" data-id=\"d637e3c\" data-element_type=\"column\">\n\t\t\t<div class=\"elementor-column-wrap  elementor-element-populated\">\n\t\t\t\t\t<div class=\"elementor-widget-wrap\">\n\t\t\t\t<div class=\"elementor-element elementor-element-240fd7e elementor-widget elementor-widget-heading\" data-id=\"240fd7e\" data-element_type=\"widget\" data-widget_type=\"heading.default\">\n\t\t\t\t<div class=\"elementor-widget-container\">\n\t\t\t<h3 class=\"elementor-heading-title elementor-size-default\">COMIT\u00ca CIENT\u00cdFICO<\/h3>\t\t<\/div>\n\t\t\t\t<\/div>\n\t\t\t\t<div class=\"elementor-element elementor-element-6098df7 elementor-widget elementor-widget-divider\" data-id=\"6098df7\" data-element_type=\"widget\" data-widget_type=\"divider.default\">\n\t\t\t\t<div class=\"elementor-widget-container\">\n\t\t\t\t\t<div class=\"elementor-divider\">\n\t\t\t<span class=\"elementor-divider-separator\">\n\t\t\t\t\t\t<\/span>\n\t\t<\/div>\n\t\t\t\t<\/div>\n\t\t\t\t<\/div>\n\t\t\t\t\t\t<\/div>\n\t\t\t<\/div>\n\t\t<\/div>\n\t\t\t\t\t\t<\/div>\n\t\t\t<\/div>\n\t\t<\/section>\n\t\t\t\t<section class=\"elementor-element elementor-element-155025c elementor-section-boxed elementor-section-height-default elementor-section-height-default elementor-section elementor-top-section\" data-id=\"155025c\" data-element_type=\"section\">\n\t\t\t\t\t\t<div class=\"elementor-container elementor-column-gap-default\">\n\t\t\t\t<div class=\"elementor-row\">\n\t\t\t\t<div class=\"elementor-element elementor-element-f9a8466 elementor-column elementor-col-50 elementor-top-column\" data-id=\"f9a8466\" data-element_type=\"column\">\n\t\t\t<div class=\"elementor-column-wrap  elementor-element-populated\">\n\t\t\t\t\t<div class=\"elementor-widget-wrap\">\n\t\t\t\t<div class=\"elementor-element elementor-element-e6aa3cc elementor-widget elementor-widget-heading\" data-id=\"e6aa3cc\" data-element_type=\"widget\" data-widget_type=\"heading.default\">\n\t\t\t\t<div class=\"elementor-widget-container\">\n\t\t\t<h4 class=\"elementor-heading-title elementor-size-default\">CARLOS BRITES<\/h4>\t\t<\/div>\n\t\t\t\t<\/div>\n\t\t\t\t<div class=\"elementor-element elementor-element-21cc7e9 elementor-widget elementor-widget-image\" data-id=\"21cc7e9\" data-element_type=\"widget\" data-widget_type=\"image.default\">\n\t\t\t\t<div class=\"elementor-widget-container\">\n\t\t\t\t\t<div class=\"elementor-image\">\n\t\t\t\t\t\t\t\t\t\t<img width=\"300\" height=\"300\" src=\"https:\/\/fundopositivo.org.br\/saudepositiva\/wp-content\/uploads\/2020\/08\/brites-300x300.jpeg\" class=\"attachment-medium size-medium\" alt=\"\" loading=\"lazy\" srcset=\"https:\/\/fundopositivo.org.br\/saudepositiva\/wp-content\/uploads\/2020\/08\/brites-300x300.jpeg 300w, https:\/\/fundopositivo.org.br\/saudepositiva\/wp-content\/uploads\/2020\/08\/brites-150x150.jpeg 150w, https:\/\/fundopositivo.org.br\/saudepositiva\/wp-content\/uploads\/2020\/08\/brites-768x768.jpeg 768w, https:\/\/fundopositivo.org.br\/saudepositiva\/wp-content\/uploads\/2020\/08\/brites-75x75.jpeg 75w, https:\/\/fundopositivo.org.br\/saudepositiva\/wp-content\/uploads\/2020\/08\/brites.jpeg 819w\" sizes=\"(max-width: 300px) 100vw, 300px\" \/>\t\t\t\t\t\t\t\t\t\t\t<\/div>\n\t\t\t\t<\/div>\n\t\t\t\t<\/div>\n\t\t\t\t<div class=\"elementor-element elementor-element-6a5cef7 elementor-drop-cap-yes elementor-drop-cap-view-default elementor-widget elementor-widget-text-editor\" data-id=\"6a5cef7\" data-element_type=\"widget\" data-settings=\"{&quot;drop_cap&quot;:&quot;yes&quot;}\" data-widget_type=\"text-editor.default\">\n\t\t\t\t<div class=\"elementor-widget-container\">\n\t\t\t\t\t<div class=\"elementor-text-editor elementor-clearfix\"><p>Graduado (1982) e doutorado em Medicina pela Universidade Federal da Bahia (1997). Pesquisador Visitante (1998) na Harvard School of Public Health. Atualmente \u00e9 Professor Titular de Infectologia da Faculdade de Medicina, da Universidade Federal da Bahia. Coordena Laborat\u00f3rio de Pesquisa em Virologia, do Hospital Professor Edgard Santos-UFBA. \u00c9 ainda Adjunct Faculty do Latin American Medical Training Program, da University of Miami School of Medicine, FL, EUA. Tem grande experi\u00eancia em pesquisa, com \u00eanfase em Doen\u00e7as Infecciosas e Parasit\u00e1rias, atuando principalmente nos seguintes temas: hiv, aids, htlv, co-infec\u00e7\u00e3o HIV-HTLV, infec\u00e7\u00f5es hospitalares, e oncovirologia. Recebeu diversos pr\u00eamios nacionais e internacionais pela sua contribui\u00e7\u00e3o ao estudo das retroviroses humanas. \u00c9 pesquisador do CNPQ, e foi Editor Chefe do The Brazilian Journal of Infectious Diseases no per\u00edodo de janeiro de 2009 a dezembro de 2016. \u00c9 o Key Opinion Leader da IAPAC para Salvador, na iniciativa Fast Track Cities, da estrat\u00e9gia 90-90-90.<\/p><\/div>\n\t\t\t\t<\/div>\n\t\t\t\t<\/div>\n\t\t\t\t\t\t<\/div>\n\t\t\t<\/div>\n\t\t<\/div>\n\t\t\t\t<div class=\"elementor-element elementor-element-0faf836 elementor-column elementor-col-50 elementor-top-column\" data-id=\"0faf836\" data-element_type=\"column\">\n\t\t\t<div class=\"elementor-column-wrap  elementor-element-populated\">\n\t\t\t\t\t<div class=\"elementor-widget-wrap\">\n\t\t\t\t<div class=\"elementor-element elementor-element-529e2e8 elementor-widget elementor-widget-heading\" data-id=\"529e2e8\" data-element_type=\"widget\" data-widget_type=\"heading.default\">\n\t\t\t\t<div class=\"elementor-widget-container\">\n\t\t\t<h4 class=\"elementor-heading-title elementor-size-default\">EDUARDO SPRINZ<\/h4>\t\t<\/div>\n\t\t\t\t<\/div>\n\t\t\t\t<div class=\"elementor-element elementor-element-d667551 elementor-widget elementor-widget-image\" data-id=\"d667551\" data-element_type=\"widget\" data-widget_type=\"image.default\">\n\t\t\t\t<div class=\"elementor-widget-container\">\n\t\t\t\t\t<div class=\"elementor-image\">\n\t\t\t\t\t\t\t\t\t\t<img width=\"300\" height=\"300\" src=\"https:\/\/fundopositivo.org.br\/saudepositiva\/wp-content\/uploads\/2020\/08\/eduardo-300x300.jpeg\" class=\"attachment-medium size-medium\" alt=\"\" loading=\"lazy\" srcset=\"https:\/\/fundopositivo.org.br\/saudepositiva\/wp-content\/uploads\/2020\/08\/eduardo-300x300.jpeg 300w, https:\/\/fundopositivo.org.br\/saudepositiva\/wp-content\/uploads\/2020\/08\/eduardo-150x150.jpeg 150w, https:\/\/fundopositivo.org.br\/saudepositiva\/wp-content\/uploads\/2020\/08\/eduardo-75x75.jpeg 75w, https:\/\/fundopositivo.org.br\/saudepositiva\/wp-content\/uploads\/2020\/08\/eduardo.jpeg 325w\" sizes=\"(max-width: 300px) 100vw, 300px\" \/>\t\t\t\t\t\t\t\t\t\t\t<\/div>\n\t\t\t\t<\/div>\n\t\t\t\t<\/div>\n\t\t\t\t<div class=\"elementor-element elementor-element-ed11668 elementor-drop-cap-yes elementor-drop-cap-view-default elementor-widget elementor-widget-text-editor\" data-id=\"ed11668\" data-element_type=\"widget\" data-settings=\"{&quot;drop_cap&quot;:&quot;yes&quot;}\" data-widget_type=\"text-editor.default\">\n\t\t\t\t<div class=\"elementor-widget-container\">\n\t\t\t\t\t<div class=\"elementor-text-editor elementor-clearfix\"><p>Possui gradua\u00e7\u00e3o em Medicina pela Universidade Federal do Rio Grande do Sul (1985), mestrado em Medicina: Ci\u00eancias M\u00e9dicas pela Universidade Federal do Rio Grande do Sul (1994) com o uso das epipodofilotxinas no tratamento do sarcoma de Kaposi associado \u00e0 AIDS e doutorado em Medicina: Ci\u00eancias M\u00e9dicas pela Universidade Federal do Rio Grande do Sul (1999); com o estudo farmacocin\u00e9tico e efic\u00e1cia da etoposida no tratamento do sarcoma de Kaposi associada \u00e0 AIDS. Atualmente \u00e9 professor adjunto da Faculdade de Medicina, Departamento de Medicina Interna, da Universidade Federal do Grande do Sul, professor do curso de p\u00f3s-gradua\u00e7\u00e3o em Ci\u00eancias M\u00e9dicas da UFRGS, coordenador do ambulat\u00f3rio de HIV\/AIDS do Hospital de Cl\u00ednicas de Porto Alegre e pesquisador da Funda\u00e7\u00e3o de Amparo \u00e0 Pesquisa do Estado do Rio Grande do Sul, CNPq e Divis\u00e3o DST\/AIDS\/UNESCO do Minist\u00e9rio da Sa\u00fade, ANRS e NIH. Principais linhas de pesquisa atuais s\u00e3o: HIV e subtipos; terapia antirretroviral, efic\u00e1cia e toxicidade; qualidade de vida em indiv\u00edduos HIV positivos e preven\u00e7\u00e3o da infec\u00e7\u00e3o pelo HIV; e, estudo de coorte em HIV\/AIDS. Revisor da revista HIV Clinical Trials e International Aids Society; consultor do British Medical Council. Tem experi\u00eancia na \u00e1rea de Medicina, com \u00eanfase em Doen\u00e7as Infecciosas e Parasit\u00e1rias, com atua\u00e7\u00e3o principalmente nos seguintes temas: aids, HIV, tratamento antirretroviral.<\/p><\/div>\n\t\t\t\t<\/div>\n\t\t\t\t<\/div>\n\t\t\t\t\t\t<\/div>\n\t\t\t<\/div>\n\t\t<\/div>\n\t\t\t\t\t\t<\/div>\n\t\t\t<\/div>\n\t\t<\/section>\n\t\t\t\t<section class=\"elementor-element elementor-element-77a3fb7 elementor-section-boxed elementor-section-height-default elementor-section-height-default elementor-section elementor-top-section\" data-id=\"77a3fb7\" data-element_type=\"section\">\n\t\t\t\t\t\t<div class=\"elementor-container elementor-column-gap-default\">\n\t\t\t\t<div class=\"elementor-row\">\n\t\t\t\t<div class=\"elementor-element elementor-element-552c5bc elementor-column elementor-col-33 elementor-top-column\" data-id=\"552c5bc\" data-element_type=\"column\">\n\t\t\t<div class=\"elementor-column-wrap  elementor-element-populated\">\n\t\t\t\t\t<div class=\"elementor-widget-wrap\">\n\t\t\t\t<div class=\"elementor-element elementor-element-e0d0f46 elementor-widget elementor-widget-heading\" data-id=\"e0d0f46\" data-element_type=\"widget\" data-widget_type=\"heading.default\">\n\t\t\t\t<div class=\"elementor-widget-container\">\n\t\t\t<h4 class=\"elementor-heading-title elementor-size-default\">JOS\u00c9 VALDEZ RAMALHO MADRUGA<\/h4>\t\t<\/div>\n\t\t\t\t<\/div>\n\t\t\t\t<div class=\"elementor-element elementor-element-e968310 elementor-widget elementor-widget-image\" data-id=\"e968310\" data-element_type=\"widget\" data-widget_type=\"image.default\">\n\t\t\t\t<div class=\"elementor-widget-container\">\n\t\t\t\t\t<div class=\"elementor-image\">\n\t\t\t\t\t\t\t\t\t\t<img width=\"300\" height=\"300\" src=\"https:\/\/fundopositivo.org.br\/saudepositiva\/wp-content\/uploads\/2020\/08\/valdez-300x300.jpeg\" class=\"attachment-medium size-medium\" alt=\"\" loading=\"lazy\" srcset=\"https:\/\/fundopositivo.org.br\/saudepositiva\/wp-content\/uploads\/2020\/08\/valdez-300x300.jpeg 300w, https:\/\/fundopositivo.org.br\/saudepositiva\/wp-content\/uploads\/2020\/08\/valdez-150x150.jpeg 150w, https:\/\/fundopositivo.org.br\/saudepositiva\/wp-content\/uploads\/2020\/08\/valdez-75x75.jpeg 75w, https:\/\/fundopositivo.org.br\/saudepositiva\/wp-content\/uploads\/2020\/08\/valdez.jpeg 512w\" sizes=\"(max-width: 300px) 100vw, 300px\" \/>\t\t\t\t\t\t\t\t\t\t\t<\/div>\n\t\t\t\t<\/div>\n\t\t\t\t<\/div>\n\t\t\t\t<div class=\"elementor-element elementor-element-8ce92bf elementor-drop-cap-yes elementor-drop-cap-view-default elementor-widget elementor-widget-text-editor\" data-id=\"8ce92bf\" data-element_type=\"widget\" data-settings=\"{&quot;drop_cap&quot;:&quot;yes&quot;}\" data-widget_type=\"text-editor.default\">\n\t\t\t\t<div class=\"elementor-widget-container\">\n\t\t\t\t\t<div class=\"elementor-text-editor elementor-clearfix\"><p>Possui gradua\u00e7\u00e3o em MEDICINA pela Universidade Federal da Para\u00edba (1985) e Mestrado em Doen\u00e7as Infecciosas e Parasit\u00e1rias pela Universidade Federal de S\u00e3o Paulo (1994). Atualmente \u00e9 o Investigador Principal da Casa da Pesquisa do Centro de Refer\u00eancia e Treinamento em DST\/AIDS do Estado de S\u00e3o Paulo. Tem grande experi\u00eancia em Pesquisa Cl\u00ednica de AIDS, tratamento e preven\u00e7\u00e3o, hepatites virais e vacinas.<\/p><\/div>\n\t\t\t\t<\/div>\n\t\t\t\t<\/div>\n\t\t\t\t\t\t<\/div>\n\t\t\t<\/div>\n\t\t<\/div>\n\t\t\t\t<div class=\"elementor-element elementor-element-9c01b56 elementor-column elementor-col-33 elementor-top-column\" data-id=\"9c01b56\" data-element_type=\"column\">\n\t\t\t<div class=\"elementor-column-wrap  elementor-element-populated\">\n\t\t\t\t\t<div class=\"elementor-widget-wrap\">\n\t\t\t\t<div class=\"elementor-element elementor-element-1dce4f4 elementor-widget elementor-widget-heading\" data-id=\"1dce4f4\" data-element_type=\"widget\" data-widget_type=\"heading.default\">\n\t\t\t\t<div class=\"elementor-widget-container\">\n\t\t\t<h4 class=\"elementor-heading-title elementor-size-default\">MARCIA RACHID<br><\/h4>\t\t<\/div>\n\t\t\t\t<\/div>\n\t\t\t\t<div class=\"elementor-element elementor-element-e9009e6 elementor-widget elementor-widget-image\" data-id=\"e9009e6\" data-element_type=\"widget\" data-widget_type=\"image.default\">\n\t\t\t\t<div class=\"elementor-widget-container\">\n\t\t\t\t\t<div class=\"elementor-image\">\n\t\t\t\t\t\t\t\t\t\t<img width=\"300\" height=\"300\" src=\"https:\/\/fundopositivo.org.br\/saudepositiva\/wp-content\/uploads\/2020\/08\/rachid-300x300.jpeg\" class=\"attachment-medium size-medium\" alt=\"\" loading=\"lazy\" srcset=\"https:\/\/fundopositivo.org.br\/saudepositiva\/wp-content\/uploads\/2020\/08\/rachid-300x300.jpeg 300w, https:\/\/fundopositivo.org.br\/saudepositiva\/wp-content\/uploads\/2020\/08\/rachid-150x150.jpeg 150w, https:\/\/fundopositivo.org.br\/saudepositiva\/wp-content\/uploads\/2020\/08\/rachid-768x768.jpeg 768w, https:\/\/fundopositivo.org.br\/saudepositiva\/wp-content\/uploads\/2020\/08\/rachid-75x75.jpeg 75w, https:\/\/fundopositivo.org.br\/saudepositiva\/wp-content\/uploads\/2020\/08\/rachid.jpeg 853w\" sizes=\"(max-width: 300px) 100vw, 300px\" \/>\t\t\t\t\t\t\t\t\t\t\t<\/div>\n\t\t\t\t<\/div>\n\t\t\t\t<\/div>\n\t\t\t\t<div class=\"elementor-element elementor-element-cb2afad elementor-drop-cap-yes elementor-drop-cap-view-default elementor-widget elementor-widget-text-editor\" data-id=\"cb2afad\" data-element_type=\"widget\" data-settings=\"{&quot;drop_cap&quot;:&quot;yes&quot;}\" data-widget_type=\"text-editor.default\">\n\t\t\t\t<div class=\"elementor-widget-container\">\n\t\t\t\t\t<div class=\"elementor-text-editor elementor-clearfix\"><p>Possui mestrado em Medicina (Doen\u00e7as Infecciosas e Parasit\u00e1rias) pela Universidade Federal do Rio de Janeiro (2000). Gradua\u00e7\u00e3o em Medicina pela Universidade Federal do Estado do Rio de Janeiro (UNIRIO) em 1982. Experi\u00eancia como m\u00e9dica, professora e consultora, com \u00eanfase na Infec\u00e7\u00e3o pelo HIV\/AIDS (S\u00edndrome de Imunodefici\u00eancia Adquirida) desde o in\u00edcio da epidemia no Brasil nos anos 1980.<\/p><\/div>\n\t\t\t\t<\/div>\n\t\t\t\t<\/div>\n\t\t\t\t\t\t<\/div>\n\t\t\t<\/div>\n\t\t<\/div>\n\t\t\t\t<div class=\"elementor-element elementor-element-abf29ef elementor-column elementor-col-33 elementor-top-column\" data-id=\"abf29ef\" data-element_type=\"column\">\n\t\t\t<div class=\"elementor-column-wrap  elementor-element-populated\">\n\t\t\t\t\t<div class=\"elementor-widget-wrap\">\n\t\t\t\t<div class=\"elementor-element elementor-element-afeeba1 elementor-widget elementor-widget-heading\" data-id=\"afeeba1\" data-element_type=\"widget\" data-widget_type=\"heading.default\">\n\t\t\t\t<div class=\"elementor-widget-container\">\n\t\t\t<h4 class=\"elementor-heading-title elementor-size-default\">RICARDO VASCONCELLOS<br><\/h4>\t\t<\/div>\n\t\t\t\t<\/div>\n\t\t\t\t<div class=\"elementor-element elementor-element-9abeb21 elementor-widget elementor-widget-image\" data-id=\"9abeb21\" data-element_type=\"widget\" data-widget_type=\"image.default\">\n\t\t\t\t<div class=\"elementor-widget-container\">\n\t\t\t\t\t<div class=\"elementor-image\">\n\t\t\t\t\t\t\t\t\t\t<img width=\"300\" height=\"300\" src=\"https:\/\/fundopositivo.org.br\/saudepositiva\/wp-content\/uploads\/2020\/08\/vasconcelos-300x300.jpeg\" class=\"attachment-medium size-medium\" alt=\"\" loading=\"lazy\" srcset=\"https:\/\/fundopositivo.org.br\/saudepositiva\/wp-content\/uploads\/2020\/08\/vasconcelos-300x300.jpeg 300w, https:\/\/fundopositivo.org.br\/saudepositiva\/wp-content\/uploads\/2020\/08\/vasconcelos-150x150.jpeg 150w, https:\/\/fundopositivo.org.br\/saudepositiva\/wp-content\/uploads\/2020\/08\/vasconcelos-768x768.jpeg 768w, https:\/\/fundopositivo.org.br\/saudepositiva\/wp-content\/uploads\/2020\/08\/vasconcelos-75x75.jpeg 75w, https:\/\/fundopositivo.org.br\/saudepositiva\/wp-content\/uploads\/2020\/08\/vasconcelos.jpeg 960w\" sizes=\"(max-width: 300px) 100vw, 300px\" \/>\t\t\t\t\t\t\t\t\t\t\t<\/div>\n\t\t\t\t<\/div>\n\t\t\t\t<\/div>\n\t\t\t\t<div class=\"elementor-element elementor-element-f0198fc elementor-drop-cap-yes elementor-drop-cap-view-default elementor-widget elementor-widget-text-editor\" data-id=\"f0198fc\" data-element_type=\"widget\" data-settings=\"{&quot;drop_cap&quot;:&quot;yes&quot;}\" data-widget_type=\"text-editor.default\">\n\t\t\t\t<div class=\"elementor-widget-container\">\n\t\t\t\t\t<div class=\"elementor-text-editor elementor-clearfix\"><p>Possui gradua\u00e7\u00e3o em Medicina pela Faculdade de Medicina da Universidade de S\u00e3o Paulo (2004) e resid\u00eancias m\u00e9dicas em Cl\u00ednica M\u00e9dica (2007) e Infectologia (2010) pelo Hospital das Clinicas da Faculdade de Medicina da Universidade de S\u00e3o Paulo. Atualmente matriculado na P\u00f3s Gradua\u00e7\u00e3o da FMUSP para Doutorado Direto, trabalha na \u00e1rea de tratamento e preven\u00e7\u00e3o de HIV e outras infec\u00e7\u00f5es sexualmente transmiss\u00edveis, e com pesquisas cl\u00ednicas com Profilaxia Pr\u00e9 Exposi\u00e7\u00e3o (PrEP) para HIV.<\/p><\/div>\n\t\t\t\t<\/div>\n\t\t\t\t<\/div>\n\t\t\t\t\t\t<\/div>\n\t\t\t<\/div>\n\t\t<\/div>\n\t\t\t\t\t\t<\/div>\n\t\t\t<\/div>\n\t\t<\/section>\n\t\t\t\t\t\t<\/div>\n\t\t\t<\/div>\n\t\t<\/div>\n\t\t","protected":false},"excerpt":{"rendered":"<p>COMIT\u00ca CIENT\u00cdFICO CARLOS BRITES Graduado (1982) e doutorado em Medicina pela Universidade Federal da Bahia (1997). Pesquisador Visitante (1998) na Harvard School of Public Health. Atualmente \u00e9 Professor Titular de Infectologia da Faculdade de Medicina, da Universidade Federal da Bahia. Coordena Laborat\u00f3rio de Pesquisa em Virologia, do Hospital Professor Edgard Santos-UFBA. \u00c9 ainda Adjunct Faculty do Latin American Medical Training Program, da University of Miami School of Medicine, FL, EUA. Tem grande experi\u00eancia em pesquisa, com \u00eanfase em Doen\u00e7as Infecciosas e Parasit\u00e1rias, atuando principalmente nos seguintes temas: hiv, aids, htlv, co-infec\u00e7\u00e3o HIV-HTLV, infec\u00e7\u00f5es hospitalares, e oncovirologia. Recebeu diversos pr\u00eamios nacionais e internacionais pela sua contribui\u00e7\u00e3o ao estudo das retroviroses humanas. \u00c9 pesquisador do CNPQ, e foi Editor Chefe do The Brazilian Journal of Infectious Diseases no per\u00edodo de janeiro de 2009 a dezembro de 2016. \u00c9 o Key Opinion Leader da IAPAC para Salvador, na iniciativa Fast Track Cities, da estrat\u00e9gia 90-90-90. EDUARDO SPRINZ Possui gradua\u00e7\u00e3o em Medicina pela Universidade Federal do Rio Grande do Sul (1985), mestrado em Medicina: Ci\u00eancias M\u00e9dicas pela Universidade Federal do Rio Grande do Sul (1994) com o uso das epipodofilotxinas no tratamento do sarcoma de Kaposi associado \u00e0 AIDS e doutorado em Medicina: Ci\u00eancias M\u00e9dicas pela Universidade Federal do Rio Grande do Sul (1999); com o estudo farmacocin\u00e9tico e efic\u00e1cia da etoposida no tratamento do sarcoma de Kaposi associada \u00e0 AIDS. Atualmente \u00e9 professor adjunto da Faculdade de Medicina, Departamento de Medicina Interna, da Universidade Federal do Grande do Sul, professor do curso de p\u00f3s-gradua\u00e7\u00e3o em Ci\u00eancias M\u00e9dicas da UFRGS, coordenador do ambulat\u00f3rio de HIV\/AIDS do Hospital de Cl\u00ednicas de Porto Alegre e pesquisador da Funda\u00e7\u00e3o de Amparo \u00e0 Pesquisa do Estado do Rio Grande do Sul, CNPq e Divis\u00e3o DST\/AIDS\/UNESCO do Minist\u00e9rio da Sa\u00fade, ANRS e NIH. Principais linhas de pesquisa atuais s\u00e3o: HIV e subtipos; terapia antirretroviral, efic\u00e1cia e toxicidade; qualidade de vida em indiv\u00edduos HIV positivos e preven\u00e7\u00e3o da infec\u00e7\u00e3o pelo HIV; e, estudo de coorte em HIV\/AIDS. Revisor da revista HIV Clinical Trials e International Aids Society; consultor do British Medical Council. Tem experi\u00eancia na \u00e1rea de Medicina, com \u00eanfase em Doen\u00e7as Infecciosas e Parasit\u00e1rias, com atua\u00e7\u00e3o principalmente nos seguintes temas: aids, HIV, tratamento antirretroviral. JOS\u00c9 VALDEZ RAMALHO MADRUGA Possui gradua\u00e7\u00e3o em MEDICINA pela Universidade Federal da Para\u00edba (1985) e Mestrado em Doen\u00e7as Infecciosas e Parasit\u00e1rias pela Universidade Federal de S\u00e3o Paulo (1994). Atualmente \u00e9 o Investigador Principal da Casa da Pesquisa do Centro de Refer\u00eancia e Treinamento em DST\/AIDS do Estado de S\u00e3o Paulo. Tem grande experi\u00eancia em Pesquisa Cl\u00ednica de AIDS, tratamento e preven\u00e7\u00e3o, hepatites virais e vacinas. MARCIA RACHID Possui mestrado em Medicina (Doen\u00e7as Infecciosas e Parasit\u00e1rias) pela Universidade Federal do Rio de Janeiro (2000). Gradua\u00e7\u00e3o em Medicina pela Universidade Federal do Estado do Rio de Janeiro (UNIRIO) em 1982. Experi\u00eancia como m\u00e9dica, professora e consultora, com \u00eanfase na Infec\u00e7\u00e3o pelo HIV\/AIDS (S\u00edndrome de Imunodefici\u00eancia Adquirida) desde o in\u00edcio da epidemia no Brasil nos anos 1980. RICARDO VASCONCELLOS Possui gradua\u00e7\u00e3o em Medicina pela Faculdade de Medicina da Universidade de S\u00e3o Paulo (2004) e resid\u00eancias m\u00e9dicas em Cl\u00ednica M\u00e9dica (2007) e Infectologia (2010) pelo Hospital das Clinicas da Faculdade de Medicina da Universidade de S\u00e3o Paulo. Atualmente matriculado na P\u00f3s Gradua\u00e7\u00e3o da FMUSP para Doutorado Direto, trabalha na \u00e1rea de tratamento e preven\u00e7\u00e3o de HIV e outras infec\u00e7\u00f5es sexualmente transmiss\u00edveis, e com pesquisas cl\u00ednicas com Profilaxia Pr\u00e9 Exposi\u00e7\u00e3o (PrEP) para HIV.<\/p>\n","protected":false},"author":1,"featured_media":0,"parent":0,"menu_order":0,"comment_status":"closed","ping_status":"closed","template":"elementor_header_footer","meta":{"spay_email":""},"_links":{"self":[{"href":"https:\/\/fundopositivo.org.br\/saudepositiva\/wp-json\/wp\/v2\/pages\/913"}],"collection":[{"href":"https:\/\/fundopositivo.org.br\/saudepositiva\/wp-json\/wp\/v2\/pages"}],"about":[{"href":"https:\/\/fundopositivo.org.br\/saudepositiva\/wp-json\/wp\/v2\/types\/page"}],"author":[{"embeddable":true,"href":"https:\/\/fundopositivo.org.br\/saudepositiva\/wp-json\/wp\/v2\/users\/1"}],"replies":[{"embeddable":true,"href":"https:\/\/fundopositivo.org.br\/saudepositiva\/wp-json\/wp\/v2\/comments?post=913"}],"version-history":[{"count":12,"href":"https:\/\/fundopositivo.org.br\/saudepositiva\/wp-json\/wp\/v2\/pages\/913\/revisions"}],"predecessor-version":[{"id":994,"href":"https:\/\/fundopositivo.org.br\/saudepositiva\/wp-json\/wp\/v2\/pages\/913\/revisions\/994"}],"wp:attachment":[{"href":"https:\/\/fundopositivo.org.br\/saudepositiva\/wp-json\/wp\/v2\/media?parent=913"}],"curies":[{"name":"wp","href":"https:\/\/api.w.org\/{rel}","templated":true}]}}