{"id":884,"date":"2020-08-02T18:32:39","date_gmt":"2020-08-02T21:32:39","guid":{"rendered":"http:\/\/fundopositivo.org.br\/saudepositiva\/?page_id=884"},"modified":"2020-08-02T19:46:31","modified_gmt":"2020-08-02T22:46:31","slug":"projeto","status":"publish","type":"page","link":"https:\/\/fundopositivo.org.br\/saudepositiva\/projeto\/","title":{"rendered":"Projeto"},"content":{"rendered":"\t\t<div data-elementor-type=\"wp-page\" data-elementor-id=\"884\" class=\"elementor elementor-884\" data-elementor-settings=\"[]\">\n\t\t\t<div class=\"elementor-inner\">\n\t\t\t\t<div class=\"elementor-section-wrap\">\n\t\t\t\t\t\t\t<section class=\"elementor-element elementor-element-7e8b3c8b elementor-section-stretched elementor-section-boxed elementor-section-height-default elementor-section-height-default elementor-section elementor-top-section\" data-id=\"7e8b3c8b\" data-element_type=\"section\" data-settings=\"{&quot;background_background&quot;:&quot;classic&quot;,&quot;stretch_section&quot;:&quot;section-stretched&quot;}\">\n\t\t\t\t\t\t<div class=\"elementor-container elementor-column-gap-default\">\n\t\t\t\t<div class=\"elementor-row\">\n\t\t\t\t<div class=\"elementor-element elementor-element-3caae511 elementor-column elementor-col-100 elementor-top-column\" data-id=\"3caae511\" data-element_type=\"column\" data-settings=\"{&quot;background_background&quot;:&quot;classic&quot;}\">\n\t\t\t<div class=\"elementor-column-wrap  elementor-element-populated\">\n\t\t\t\t\t<div class=\"elementor-widget-wrap\">\n\t\t\t\t<div class=\"elementor-element elementor-element-4f09f26 elementor-widget elementor-widget-heading\" data-id=\"4f09f26\" data-element_type=\"widget\" data-widget_type=\"heading.default\">\n\t\t\t\t<div class=\"elementor-widget-container\">\n\t\t\t<h3 class=\"elementor-heading-title elementor-size-default\">CONHE\u00c7A O<\/h3>\t\t<\/div>\n\t\t\t\t<\/div>\n\t\t\t\t<div class=\"elementor-element elementor-element-5f503280 elementor-widget elementor-widget-heading\" data-id=\"5f503280\" data-element_type=\"widget\" data-widget_type=\"heading.default\">\n\t\t\t\t<div class=\"elementor-widget-container\">\n\t\t\t<h3 class=\"elementor-heading-title elementor-size-large\">projeto<\/h3>\t\t<\/div>\n\t\t\t\t<\/div>\n\t\t\t\t<div class=\"elementor-element elementor-element-f4a82bb elementor-widget elementor-widget-divider\" data-id=\"f4a82bb\" data-element_type=\"widget\" data-widget_type=\"divider.default\">\n\t\t\t\t<div class=\"elementor-widget-container\">\n\t\t\t\t\t<div class=\"elementor-divider\">\n\t\t\t<span class=\"elementor-divider-separator\">\n\t\t\t\t\t\t<\/span>\n\t\t<\/div>\n\t\t\t\t<\/div>\n\t\t\t\t<\/div>\n\t\t\t\t<div class=\"elementor-element elementor-element-6728f723 elementor-drop-cap-yes elementor-drop-cap-view-default elementor-widget elementor-widget-text-editor\" data-id=\"6728f723\" data-element_type=\"widget\" data-settings=\"{&quot;drop_cap&quot;:&quot;yes&quot;}\" data-widget_type=\"text-editor.default\">\n\t\t\t\t<div class=\"elementor-widget-container\">\n\t\t\t\t\t<div class=\"elementor-text-editor elementor-clearfix\"><p>O projeto Sa\u00fade Positiva: informa\u00e7\u00e3o e acesso busca democratizar o acesso a informa\u00e7\u00f5es a respeito de pesquisas e novidades biom\u00e9dicas sobre infec\u00e7\u00f5es sexualmente transmiss\u00edveis para pessoas vivendo com HIV\/AIDS, lideran\u00e7as comunit\u00e1rias de Organiza\u00e7\u00f5es da Sociedade Civil e demais interessadxs.<\/p><p>O objetivo \u00e9 desenvolver a\u00e7\u00f5es de forma\u00e7\u00e3o para lideran\u00e7as comunit\u00e1rias de organiza\u00e7\u00f5es da sociedade civil e promover o acesso \u00e0s informa\u00e7\u00f5es sobre sa\u00fade de pessoas vivendo com HIV\/AIDS e temas transversais.<\/p><p>Uma vez que as lideran\u00e7as comunit\u00e1rias atuam diretamente nos territ\u00f3rios com as popula\u00e7\u00f5es chaves e priorit\u00e1rias da epidemia, ser\u00e3o oferecidos conte\u00fados para promover sua forma\u00e7\u00e3o permanente a fim de que se apropriem das informa\u00e7\u00f5es sobre sa\u00fade das pessoas vivendo com HIV\/AIDS, preven\u00e7\u00e3o das Infec\u00e7\u00f5es Sexualmente Transmiss\u00edveis e temas transversais atualizados, fortalecendo o desenvolvimento do seu trabalho no processo de dissemina\u00e7\u00e3o de informa\u00e7\u00f5es qualificadas, especialmente para aqueles que est\u00e3o no atendimento direto a pessoas vivendo com HIV\/AIDS.<\/p><\/div>\n\t\t\t\t<\/div>\n\t\t\t\t<\/div>\n\t\t\t\t\t\t<\/div>\n\t\t\t<\/div>\n\t\t<\/div>\n\t\t\t\t\t\t<\/div>\n\t\t\t<\/div>\n\t\t<\/section>\n\t\t\t\t<section class=\"elementor-element elementor-element-0bd0812 elementor-section-boxed elementor-section-height-default elementor-section-height-default elementor-section elementor-top-section\" data-id=\"0bd0812\" data-element_type=\"section\">\n\t\t\t\t\t\t<div class=\"elementor-container elementor-column-gap-default\">\n\t\t\t\t<div class=\"elementor-row\">\n\t\t\t\t<div class=\"elementor-element elementor-element-a28202f elementor-column elementor-col-100 elementor-top-column\" data-id=\"a28202f\" data-element_type=\"column\">\n\t\t\t<div class=\"elementor-column-wrap  elementor-element-populated\">\n\t\t\t\t\t<div class=\"elementor-widget-wrap\">\n\t\t\t\t<div class=\"elementor-element elementor-element-2893706 elementor-widget elementor-widget-text-editor\" data-id=\"2893706\" data-element_type=\"widget\" data-widget_type=\"text-editor.default\">\n\t\t\t\t<div class=\"elementor-widget-container\">\n\t\t\t\t\t<div class=\"elementor-text-editor elementor-clearfix\"><\/div>\n\t\t\t\t<\/div>\n\t\t\t\t<\/div>\n\t\t\t\t\t\t<\/div>\n\t\t\t<\/div>\n\t\t<\/div>\n\t\t\t\t\t\t<\/div>\n\t\t\t<\/div>\n\t\t<\/section>\n\t\t\t\t\t\t<\/div>\n\t\t\t<\/div>\n\t\t<\/div>\n\t\t","protected":false},"excerpt":{"rendered":"<p>CONHE\u00c7A O projeto O projeto Sa\u00fade Positiva: informa\u00e7\u00e3o e acesso busca democratizar o acesso a informa\u00e7\u00f5es a respeito de pesquisas e novidades biom\u00e9dicas sobre infec\u00e7\u00f5es sexualmente transmiss\u00edveis para pessoas vivendo com HIV\/AIDS, lideran\u00e7as comunit\u00e1rias de Organiza\u00e7\u00f5es da Sociedade Civil e demais interessadxs. O objetivo \u00e9 desenvolver a\u00e7\u00f5es de forma\u00e7\u00e3o para lideran\u00e7as comunit\u00e1rias de organiza\u00e7\u00f5es da sociedade civil e promover o acesso \u00e0s informa\u00e7\u00f5es sobre sa\u00fade de pessoas vivendo com HIV\/AIDS e temas transversais. Uma vez que as lideran\u00e7as comunit\u00e1rias atuam diretamente nos territ\u00f3rios com as popula\u00e7\u00f5es chaves e priorit\u00e1rias da epidemia, ser\u00e3o oferecidos conte\u00fados para promover sua forma\u00e7\u00e3o permanente a fim de que se apropriem das informa\u00e7\u00f5es sobre sa\u00fade das pessoas vivendo com HIV\/AIDS, preven\u00e7\u00e3o das Infec\u00e7\u00f5es Sexualmente Transmiss\u00edveis e temas transversais atualizados, fortalecendo o desenvolvimento do seu trabalho no processo de dissemina\u00e7\u00e3o de informa\u00e7\u00f5es qualificadas, especialmente para aqueles que est\u00e3o no atendimento direto a pessoas vivendo com HIV\/AIDS.<\/p>\n","protected":false},"author":1,"featured_media":0,"parent":0,"menu_order":0,"comment_status":"closed","ping_status":"closed","template":"elementor_header_footer","meta":{"spay_email":""},"_links":{"self":[{"href":"https:\/\/fundopositivo.org.br\/saudepositiva\/wp-json\/wp\/v2\/pages\/884"}],"collection":[{"href":"https:\/\/fundopositivo.org.br\/saudepositiva\/wp-json\/wp\/v2\/pages"}],"about":[{"href":"https:\/\/fundopositivo.org.br\/saudepositiva\/wp-json\/wp\/v2\/types\/page"}],"author":[{"embeddable":true,"href":"https:\/\/fundopositivo.org.br\/saudepositiva\/wp-json\/wp\/v2\/users\/1"}],"replies":[{"embeddable":true,"href":"https:\/\/fundopositivo.org.br\/saudepositiva\/wp-json\/wp\/v2\/comments?post=884"}],"version-history":[{"count":16,"href":"https:\/\/fundopositivo.org.br\/saudepositiva\/wp-json\/wp\/v2\/pages\/884\/revisions"}],"predecessor-version":[{"id":938,"href":"https:\/\/fundopositivo.org.br\/saudepositiva\/wp-json\/wp\/v2\/pages\/884\/revisions\/938"}],"wp:attachment":[{"href":"https:\/\/fundopositivo.org.br\/saudepositiva\/wp-json\/wp\/v2\/media?parent=884"}],"curies":[{"name":"wp","href":"https:\/\/api.w.org\/{rel}","templated":true}]}}